{"id":81,"date":"2020-03-24T19:32:48","date_gmt":"2020-03-25T01:32:48","guid":{"rendered":"https:\/\/olive-chimpanzee-408790.hostingersite.com\/?page_id=81"},"modified":"2020-04-07T13:21:56","modified_gmt":"2020-04-07T18:21:56","slug":"capacitaciones","status":"publish","type":"page","link":"https:\/\/mercadosolar.com.mx\/index.php\/capacitaciones\/","title":{"rendered":"Capacitaciones"},"content":{"rendered":"<p>[et_pb_section fb_built=&#8221;1&#8243; admin_label=&#8221;Header&#8221; _builder_version=&#8221;3.23.3&#8243; background_color=&#8221;#f7f7f7&#8243; use_background_color_gradient=&#8221;on&#8221; background_color_gradient_start=&#8221;#f7f7f7&#8243; background_color_gradient_end=&#8221;#ffffff&#8221; background_color_gradient_direction=&#8221;90deg&#8221; background_color_gradient_start_position=&#8221;66%&#8221; background_color_gradient_end_position=&#8221;0%&#8221; custom_margin=&#8221;|||||&#8221; custom_padding=&#8221;||0px|||&#8221; background_last_edited=&#8221;on|tablet&#8221; use_background_color_gradient_tablet=&#8221;on&#8221; background_color_gradient_start_position_tablet=&#8221;100%&#8221; locked=&#8221;off&#8221;][et_pb_row custom_padding_last_edited=&#8221;on|phone&#8221; padding_left_right_link_1=&#8221;false&#8221; _builder_version=&#8221;3.25&#8243; background_image=&#8221;http:\/\/mercadosolar.com.mx\/wp-content\/uploads\/2020\/03\/green-energy-20.png&#8221; background_size=&#8221;initial&#8221; background_position=&#8221;top_left&#8221; custom_margin=&#8221;||&#8221; custom_padding=&#8221;|||20px&#8221; custom_padding_tablet=&#8221;&#8221; custom_padding_phone=&#8221;|||0px&#8221; column_structure=&#8221;1_2,1_2&#8243;][et_pb_column type=&#8221;1_2&#8243; _builder_version=&#8221;3.25&#8243; background_repeat=&#8221;repeat&#8221; custom_padding=&#8221;|||&#8221; custom_padding_phone=&#8221;|||0px&#8221; custom_padding_last_edited=&#8221;off|phone&#8221; custom_padding__hover=&#8221;|||&#8221;][et_pb_text _builder_version=&#8221;4.4.2&#8243; text_font=&#8221;||||||||&#8221; text_font_size=&#8221;20px&#8221; text_line_height=&#8221;1.8em&#8221; header_font=&#8221;Bitter||||||||&#8221; header_font_size=&#8221;60px&#8221; header_line_height=&#8221;1.3em&#8221; custom_margin=&#8221;||60px&#8221; hover_enabled=&#8221;0&#8243; text_font_size_tablet=&#8221;&#8221; text_font_size_phone=&#8221;14px&#8221; text_font_size_last_edited=&#8221;on|desktop&#8221; header_font_size_tablet=&#8221;50px&#8221; header_font_size_phone=&#8221;30px&#8221; header_font_size_last_edited=&#8221;on|phone&#8221;]<\/p>\n<h1><span style=\"color: #fedd00;\">Capacitaciones<\/span><\/h1>\n<p>En Mercado Solar queremos crecer la comunidad consciente y productiva. Es por eso que damos capacitaciones para instalaci\u00f3n y dimensionamiento de sistemas solares fotovoltaicos.<\/p>\n<p>[\/et_pb_text][et_pb_button button_text=&#8221;CONT\u00c1CTANOS&#8221; _builder_version=&#8221;4.4.2&#8243; custom_button=&#8221;on&#8221; button_text_size=&#8221;14px&#8221; button_text_color=&#8221;#000000&#8243; button_bg_color=&#8221;#FEDD00&#8243; button_border_color=&#8221;rgba(0,0,0,0)&#8221; button_border_radius=&#8221;3px&#8221; button_letter_spacing=&#8221;2px&#8221; button_font=&#8221;Raleway|700||on|||||&#8221; button_icon=&#8221;%%3%%&#8221; custom_padding=&#8221;15px|40px|15px|40px|true|true&#8221; hover_enabled=&#8221;0&#8243; button_url=&#8221;@ET-DC@eyJkeW5hbWljIjp0cnVlLCJjb250ZW50IjoicG9zdF9saW5rX3VybF9wYWdlIiwic2V0dGluZ3MiOnsicG9zdF9pZCI6Ijc0In19@&#8221; _dynamic_attributes=&#8221;button_url&#8221; button_bg_enable_color=&#8221;on&#8221;][\/et_pb_button][\/et_pb_column][et_pb_column type=&#8221;1_2&#8243; _builder_version=&#8221;3.25&#8243; custom_padding=&#8221;|||&#8221; custom_padding__hover=&#8221;|||&#8221;][et_pb_image src=&#8221;http:\/\/mercadosolar.com.mx\/wp-content\/uploads\/2020\/03\/green-energy-14.png&#8221; _builder_version=&#8221;4.4.2&#8243; use_background_color_gradient=&#8221;on&#8221; background_color_gradient_start=&#8221;rgba(16,40,65,0)&#8221; background_color_gradient_end=&#8221;#102841&#8243; background_color_gradient_start_position=&#8221;45%&#8221; background_color_gradient_overlays_image=&#8221;on&#8221; background_image=&#8221;http:\/\/mercadosolar.com.mx\/wp-content\/uploads\/2020\/04\/DSC_0062-scaled.jpg&#8221; custom_margin=&#8221;-100px|-12vw||&#8221; custom_margin_tablet=&#8221;0px|||&#8221; custom_margin_phone=&#8221;&#8221; custom_margin_last_edited=&#8221;on|tablet&#8221; custom_padding=&#8221;||80%|||&#8221; custom_padding_tablet=&#8221;&#8221; custom_padding_phone=&#8221;||40%&#8221; custom_padding_last_edited=&#8221;on|desktop&#8221; hover_enabled=&#8221;0&#8243;][\/et_pb_image][\/et_pb_column][\/et_pb_row][et_pb_row _builder_version=&#8221;3.25&#8243; locked=&#8221;off&#8221; column_structure=&#8221;1_2,1_2&#8243;][et_pb_column type=&#8221;1_2&#8243; _builder_version=&#8221;3.25&#8243; custom_padding=&#8221;|||&#8221; custom_padding__hover=&#8221;|||&#8221;][et_pb_cta title=&#8221;Pronto nuevas fechas&#8221; button_url=&#8221;@ET-DC@eyJkeW5hbWljIjp0cnVlLCJjb250ZW50IjoicG9zdF9saW5rX3VybF9wYWdlIiwic2V0dGluZ3MiOnsicG9zdF9pZCI6Ijc0In19@&#8221; button_text=&#8221;CONT\u00c1CTANOS&#8221; _builder_version=&#8221;4.4.2&#8243; header_font=&#8221;Bitter||||||||&#8221; header_font_size=&#8221;42px&#8221; header_line_height=&#8221;1.2em&#8221; body_font=&#8221;||||||||&#8221; body_font_size=&#8221;16px&#8221; body_line_height=&#8221;1.8em&#8221; background_color=&#8221;#2D2926&#8243; custom_button=&#8221;on&#8221; button_text_size=&#8221;14px&#8221; button_text_color=&#8221;#2d2926&#8243; button_bg_color=&#8221;#ffffff&#8221; button_border_color=&#8221;rgba(0,0,0,0)&#8221; button_border_radius=&#8221;100px&#8221; button_letter_spacing=&#8221;2px&#8221; button_font=&#8221;Raleway|700||on|||||&#8221; button_icon=&#8221;%%3%%&#8221; button_custom_margin=&#8221;10px||14px&#8221; button_custom_padding=&#8221;14px|40px|14px|40px|true|true&#8221; z_index=&#8221;6&#8243; custom_margin=&#8221;-25%||-80px&#8221; custom_padding=&#8221;60px|60px|60px|60px|true|true&#8221; custom_padding_tablet=&#8221;&#8221; custom_padding_phone=&#8221;30px|30px|30px|30px|true|true&#8221; custom_padding_last_edited=&#8221;on|phone&#8221; hover_enabled=&#8221;0&#8243; header_font_size_tablet=&#8221;36px&#8221; header_font_size_phone=&#8221;26px&#8221; header_font_size_last_edited=&#8221;on|tablet&#8221; body_font_size_tablet=&#8221;&#8221; body_font_size_phone=&#8221;14px&#8221; body_font_size_last_edited=&#8221;on|desktop&#8221; box_shadow_style=&#8221;preset1&#8243; box_shadow_vertical=&#8221;24px&#8221; box_shadow_blur=&#8221;100px&#8221; box_shadow_spread=&#8221;-30px&#8221; box_shadow_color=&#8221;rgba(0,0,0,0.24)&#8221; _dynamic_attributes=&#8221;button_url&#8221;]<\/p>\n<p>Por favor, queda atento a nuestras pr\u00f3ximas fechas del curso.<\/p>\n<p>&nbsp;<\/p>\n<p>[\/et_pb_cta][\/et_pb_column][et_pb_column type=&#8221;1_2&#8243; _builder_version=&#8221;3.25&#8243; custom_padding=&#8221;|||&#8221; custom_padding__hover=&#8221;|||&#8221;][\/et_pb_column][\/et_pb_row][\/et_pb_section][et_pb_section fb_built=&#8221;1&#8243; fullwidth=&#8221;on&#8221; admin_label=&#8221;Footer&#8221; _builder_version=&#8221;4.4.2&#8243; width=&#8221;90vw&#8221; width_tablet=&#8221;100%&#8221; width_phone=&#8221;&#8221; width_last_edited=&#8221;on|desktop&#8221; module_alignment=&#8221;right&#8221; locked=&#8221;off&#8221; global_module=&#8221;345&#8243;][et_pb_fullwidth_header title=&#8221;Conoce m\u00e1s acerca de la energ\u00eda solar fotovoltaica&#8221; text_orientation=&#8221;center&#8221; button_one_text=&#8221;DESCARGA PDF&#8221; button_one_url=&#8221;@ET-DC@eyJkeW5hbWljIjp0cnVlLCJjb250ZW50IjoicG9zdF9saW5rX3VybF9hdHRhY2htZW50Iiwic2V0dGluZ3MiOnsicG9zdF9pZCI6IjMzMyJ9fQ==@&#8221; button_two_text=&#8221;CONT\u00c1CTANOS&#8221; button_two_url=&#8221;@ET-DC@eyJkeW5hbWljIjp0cnVlLCJjb250ZW50IjoicG9zdF9saW5rX3VybF9wYWdlIiwic2V0dGluZ3MiOnsicG9zdF9pZCI6Ijc0In19@&#8221; _builder_version=&#8221;4.4.2&#8243; _dynamic_attributes=&#8221;button_two_url,button_one_url&#8221; title_font=&#8221;Bitter||||||||&#8221; title_text_color=&#8221;#2d2926&#8243; title_font_size=&#8221;42px&#8221; title_line_height=&#8221;1.2em&#8221; content_font=&#8221;||||||||&#8221; content_text_color=&#8221;#2d2926&#8243; content_font_size=&#8221;18px&#8221; content_line_height=&#8221;1.8em&#8221; background_color=&#8221;#FEDD00&#8243; custom_button_one=&#8221;on&#8221; button_one_text_size=&#8221;14px&#8221; button_one_text_color=&#8221;#2a2a2a&#8221; button_one_bg_color=&#8221;#ffffff&#8221; button_one_border_color=&#8221;rgba(0,0,0,0)&#8221; button_one_letter_spacing=&#8221;2px&#8221; button_one_font=&#8221;Raleway|700||on|||||&#8221; button_one_icon=&#8221;%%3%%&#8221; button_one_custom_padding=&#8221;15px|40px|15px|40px|true|true&#8221; custom_button_two=&#8221;on&#8221; button_two_text_size=&#8221;14px&#8221; button_two_text_color=&#8221;#2d2926&#8243; button_two_bg_color=&#8221;rgba(255,255,255,0)&#8221; button_two_border_color=&#8221;#2D2926&#8243; button_two_letter_spacing=&#8221;2px&#8221; button_two_font=&#8221;Raleway|700||on|||||&#8221; button_two_icon=&#8221;%%3%%&#8221; button_two_custom_padding=&#8221;15px|40px|15px|40px|true|true&#8221; custom_padding=&#8221;7vw|10vw|7vw||true|&#8221; custom_padding_tablet=&#8221;|0vw||&#8221; custom_padding_phone=&#8221;&#8221; custom_padding_last_edited=&#8221;on|desktop&#8221; title_font_size_tablet=&#8221;32px&#8221; title_font_size_phone=&#8221;26px&#8221; title_font_size_last_edited=&#8221;on|phone&#8221; content_font_size_tablet=&#8221;&#8221; content_font_size_phone=&#8221;14px&#8221; content_font_size_last_edited=&#8221;on|desktop&#8221; custom_css_header_container=&#8221;width: 100%;&#8221;]<\/p>\n<p>Encuentra las respuestas a las preguntas m\u00e1s comunes sobre esta tecnolog\u00eda.<\/p>\n<p>[\/et_pb_fullwidth_header][\/et_pb_section]<\/p>\n","protected":false},"excerpt":{"rendered":"<p>Capacitaciones En Mercado Solar queremos crecer la comunidad consciente y productiva. Es por eso que damos capacitaciones para instalaci\u00f3n y dimensionamiento de sistemas solares fotovoltaicos. Por favor, queda atento a nuestras pr\u00f3ximas fechas del curso. &nbsp; Encuentra las respuestas a las preguntas m\u00e1s comunes sobre esta tecnolog\u00eda.<\/p>\n","protected":false},"author":1,"featured_media":0,"parent":0,"menu_order":0,"comment_status":"closed","ping_status":"closed","template":"","meta":{"_et_pb_use_builder":"on","_et_pb_old_content":"<!-- wp:divi\/placeholder \/-->","_et_gb_content_width":"","footnotes":""},"class_list":["post-81","page","type-page","status-publish","hentry"],"_links":{"self":[{"href":"https:\/\/mercadosolar.com.mx\/index.php\/wp-json\/wp\/v2\/pages\/81","targetHints":{"allow":["GET"]}}],"collection":[{"href":"https:\/\/mercadosolar.com.mx\/index.php\/wp-json\/wp\/v2\/pages"}],"about":[{"href":"https:\/\/mercadosolar.com.mx\/index.php\/wp-json\/wp\/v2\/types\/page"}],"author":[{"embeddable":true,"href":"https:\/\/mercadosolar.com.mx\/index.php\/wp-json\/wp\/v2\/users\/1"}],"replies":[{"embeddable":true,"href":"https:\/\/mercadosolar.com.mx\/index.php\/wp-json\/wp\/v2\/comments?post=81"}],"version-history":[{"count":3,"href":"https:\/\/mercadosolar.com.mx\/index.php\/wp-json\/wp\/v2\/pages\/81\/revisions"}],"predecessor-version":[{"id":413,"href":"https:\/\/mercadosolar.com.mx\/index.php\/wp-json\/wp\/v2\/pages\/81\/revisions\/413"}],"wp:attachment":[{"href":"https:\/\/mercadosolar.com.mx\/index.php\/wp-json\/wp\/v2\/media?parent=81"}],"curies":[{"name":"wp","href":"https:\/\/api.w.org\/{rel}","templated":true}]}}